{"id":234536,"date":"2021-10-05T00:03:50","date_gmt":"2021-10-04T22:03:50","guid":{"rendered":"https:\/\/buyco.co\/?page_id=234536"},"modified":"2025-07-16T10:46:05","modified_gmt":"2025-07-16T08:46:05","slug":"webinaires","status":"publish","type":"page","link":"https:\/\/buyco.co\/fr\/ressources\/webinaires\/","title":{"rendered":"Webinaires"},"content":{"rendered":"<p>[et_pb_section fb_built=\u00a0\u00bb1&Prime; custom_padding_last_edited=\u00a0\u00bboff|desktop\u00a0\u00bb disabled_on=\u00a0\u00bboff|off|off\u00a0\u00bb admin_label=\u00a0\u00bbsection\u00a0\u00bb module_id=\u00a0\u00bbtop-main-features\u00a0\u00bb _builder_version=\u00a0\u00bb4.16&Prime; use_background_color_gradient=\u00a0\u00bbon\u00a0\u00bb background_color_gradient_stops=\u00a0\u00bb#104d86 0%|#002c67 100%\u00a0\u00bb background_color_gradient_start=\u00a0\u00bb#104d86&Prime; background_color_gradient_end=\u00a0\u00bb#002c67&Prime; custom_margin=\u00a0\u00bb||||false|false\u00a0\u00bb custom_margin_tablet=\u00a0\u00bb||0px\u00a0\u00bb custom_margin_last_edited=\u00a0\u00bboff|desktop\u00a0\u00bb custom_padding=\u00a0\u00bb150px|0px|140px|0px|false|false\u00a0\u00bb custom_padding_tablet=\u00a0\u00bb80px||0px\u00a0\u00bb custom_padding_phone=\u00a0\u00bb40px|0px|0px|0px|false|false\u00a0\u00bb da_disable_devices=\u00a0\u00bboff|off|off\u00a0\u00bb global_colors_info=\u00a0\u00bb{}\u00a0\u00bb da_is_popup=\u00a0\u00bboff\u00a0\u00bb da_exit_intent=\u00a0\u00bboff\u00a0\u00bb da_has_close=\u00a0\u00bbon\u00a0\u00bb da_alt_close=\u00a0\u00bboff\u00a0\u00bb da_dark_close=\u00a0\u00bboff\u00a0\u00bb da_not_modal=\u00a0\u00bbon\u00a0\u00bb da_is_singular=\u00a0\u00bboff\u00a0\u00bb da_with_loader=\u00a0\u00bboff\u00a0\u00bb da_has_shadow=\u00a0\u00bbon\u00a0\u00bb][et_pb_row custom_padding_last_edited=\u00a0\u00bbon|desktop\u00a0\u00bb admin_label=\u00a0\u00bbrow\u00a0\u00bb _builder_version=\u00a0\u00bb4.16&Prime; background_size=\u00a0\u00bbinitial\u00a0\u00bb background_position=\u00a0\u00bbtop_left\u00a0\u00bb background_repeat=\u00a0\u00bbrepeat\u00a0\u00bb custom_margin_tablet=\u00a0\u00bb\u00a0\u00bb custom_margin_phone=\u00a0\u00bb30px||-20px\u00a0\u00bb custom_margin_last_edited=\u00a0\u00bbon|desktop\u00a0\u00bb custom_padding=\u00a0\u00bb0px|0px|0px|0px|false|false\u00a0\u00bb custom_padding_tablet=\u00a0\u00bb||20px\u00a0\u00bb custom_padding_phone=\u00a0\u00bb||0px\u00a0\u00bb use_custom_width=\u00a0\u00bbon\u00a0\u00bb global_colors_info=\u00a0\u00bb{}\u00a0\u00bb][et_pb_column type=\u00a0\u00bb4_4&Prime; _builder_version=\u00a0\u00bb4.16&Prime; custom_padding=\u00a0\u00bb|||\u00a0\u00bb custom_padding_tablet=\u00a0\u00bb\u00a0\u00bb custom_padding_phone=\u00a0\u00bb||30px\u00a0\u00bb custom_padding_last_edited=\u00a0\u00bbon|desktop\u00a0\u00bb pac_dcm_carousel_specific_module_num=\u00a0\u00bb0&Prime; global_colors_info=\u00a0\u00bb{}\u00a0\u00bb padding_phone=\u00a0\u00bb||30px\u00a0\u00bb padding_last_edited=\u00a0\u00bbon|desktop\u00a0\u00bb custom_padding__hover=\u00a0\u00bb|||\u00a0\u00bb][et_pb_text admin_label=\u00a0\u00bbText\u00a0\u00bb _builder_version=\u00a0\u00bb4.16&Prime; text_font=\u00a0\u00bbRoboto|500|||||||\u00a0\u00bb header_2_text_color=\u00a0\u00bb#FFFFFF\u00a0\u00bb header_2_font_size=\u00a0\u00bb25px\u00a0\u00bb background_size=\u00a0\u00bbinitial\u00a0\u00bb background_position=\u00a0\u00bbtop_left\u00a0\u00bb background_repeat=\u00a0\u00bbrepeat\u00a0\u00bb max_width=\u00a0\u00bb75%\u00a0\u00bb max_width_tablet=\u00a0\u00bb\u00a0\u00bb max_width_phone=\u00a0\u00bb\u00a0\u00bb max_width_last_edited=\u00a0\u00bbon|phone\u00a0\u00bb module_alignment=\u00a0\u00bbcenter\u00a0\u00bb use_border_color=\u00a0\u00bboff\u00a0\u00bb border_color=\u00a0\u00bb#ffffff\u00a0\u00bb border_style=\u00a0\u00bbsolid\u00a0\u00bb global_colors_info=\u00a0\u00bb{}\u00a0\u00bb]<\/p>\n<h1 style=\"text-align: center;\">Webinaires<\/h1>\n<p><span><\/span><\/p>\n<p><span><\/span><\/p>\n<h2 style=\"text-align: center;\"><span>D\u00e9couvrez les derni\u00e8res tendances du march\u00e9 et les bonnes pratiques pour g\u00e9rer efficacement votre supply chain maritime<\/span><\/h2>\n<p>[\/et_pb_text][\/et_pb_column][\/et_pb_row][\/et_pb_section][et_pb_section fb_built=\u00a0\u00bb1&Prime; disabled_on=\u00a0\u00bboff|off|off\u00a0\u00bb _builder_version=\u00a0\u00bb4.16&Prime; _module_preset=\u00a0\u00bbdefault\u00a0\u00bb background_color=\u00a0\u00bb#FFFFFF\u00a0\u00bb custom_padding=\u00a0\u00bb0px|0px|0|0px|false|false\u00a0\u00bb da_disable_devices=\u00a0\u00bboff|off|off\u00a0\u00bb global_colors_info=\u00a0\u00bb{}\u00a0\u00bb da_is_popup=\u00a0\u00bboff\u00a0\u00bb da_exit_intent=\u00a0\u00bboff\u00a0\u00bb da_has_close=\u00a0\u00bbon\u00a0\u00bb da_alt_close=\u00a0\u00bboff\u00a0\u00bb da_dark_close=\u00a0\u00bboff\u00a0\u00bb da_not_modal=\u00a0\u00bbon\u00a0\u00bb da_is_singular=\u00a0\u00bboff\u00a0\u00bb da_with_loader=\u00a0\u00bboff\u00a0\u00bb da_has_shadow=\u00a0\u00bbon\u00a0\u00bb][et_pb_row _builder_version=\u00a0\u00bb4.16&Prime; _module_preset=\u00a0\u00bbdefault\u00a0\u00bb custom_margin=\u00a0\u00bb-150px||||false|false\u00a0\u00bb custom_padding=\u00a0\u00bb100px||100px||true|false\u00a0\u00bb global_colors_info=\u00a0\u00bb{}\u00a0\u00bb][et_pb_column type=\u00a0\u00bb4_4&Prime; _builder_version=\u00a0\u00bb4.16&Prime; _module_preset=\u00a0\u00bbdefault\u00a0\u00bb pac_dcm_carousel_specific_module_num=\u00a0\u00bb0&Prime; global_colors_info=\u00a0\u00bb{}\u00a0\u00bb][et_pb_text content_tablet=\u00a0\u00bb\u00a0\u00bb content_phone=\u00a0\u00bb<span style=%22padding: 8px; background-color: #eeeeee;%22><a href=%22\/fr\/resources\/%22>Tout<\/a><\/span> <span style=%22padding: 8px; background-color: #eeeeee;%22><a href=%22\/fr\/resources\/guide-resources\/%22>Ebooks<\/a><\/span> <span style=%22padding: 8px; background-color: #2ca8dd; color: #fff;%22>Webinaires<\/span> <span style=%22padding: 8px; background-color: #eeeeee;%22><a href=%22\/fr\/resources\/etudes-de-cas\/%22>\u00c9tudes de cas<\/a><\/span>\u00a0\u00bb content_last_edited=\u00a0\u00bbon|phone\u00a0\u00bb admin_label=\u00a0\u00bbTexte\u00a0\u00bb _builder_version=\u00a0\u00bb4.16&Prime; _module_preset=\u00a0\u00bbdefault\u00a0\u00bb text_orientation=\u00a0\u00bbcenter\u00a0\u00bb custom_padding=\u00a0\u00bb||50px||false|false\u00a0\u00bb locked=\u00a0\u00bboff\u00a0\u00bb global_colors_info=\u00a0\u00bb{}\u00a0\u00bb]<\/p>\n<p><span style=\"padding: 8px 12px; background-color: #eeeeee;\"><a href=\"\/fr\/resources\/\">Tout<\/a><\/span> \u00a0 \u00a0 \u00a0 <span style=\"padding: 8px 12px; background-color: #eeeeee;\"><a href=\"\/fr\/resources\/guide-resources\/\">Ebooks<\/a><\/span> \u00a0 \u00a0 \u00a0 <span style=\"padding: 8px 12px; background-color: #2ca8dd; color: #fff;\">Webinaires<\/span> \u00a0 \u00a0 \u00a0 <span style=\"padding: 8px 12px; background-color: #eeeeee;\"><a href=\"\/fr\/resources\/etudes-de-cas\/\">\u00c9tudes de cas<\/a><\/span><\/p>\n<p>[\/et_pb_text][et_pb_blog posts_number=\u00a0\u00bb30&Prime; include_categories=\u00a0\u00bb115&Prime; excerpt_length=\u00a0\u00bb120&Prime; show_more=\u00a0\u00bbon\u00a0\u00bb show_author=\u00a0\u00bboff\u00a0\u00bb show_date=\u00a0\u00bboff\u00a0\u00bb show_pagination=\u00a0\u00bboff\u00a0\u00bb module_class=\u00a0\u00bbpa-blog\u00a0\u00bb _builder_version=\u00a0\u00bb4.27.4&Prime; _module_preset=\u00a0\u00bbdefault\u00a0\u00bb header_font=\u00a0\u00bb|700|||||||\u00a0\u00bb header_text_color=\u00a0\u00bb#002C67&Prime; header_font_size=\u00a0\u00bb35px\u00a0\u00bb body_text_color=\u00a0\u00bb#002C67&Prime; meta_font=\u00a0\u00bbInter|600||on|||||\u00a0\u00bb meta_text_color=\u00a0\u00bb#2CA8DD\u00a0\u00bb meta_font_size=\u00a0\u00bb13px\u00a0\u00bb meta_letter_spacing=\u00a0\u00bb0.15em\u00a0\u00bb meta_line_height=\u00a0\u00bb2.5em\u00a0\u00bb read_more_font=\u00a0\u00bbInter|600|||||||\u00a0\u00bb read_more_text_color=\u00a0\u00bb#2CA8DD\u00a0\u00bb read_more_line_height=\u00a0\u00bb5.7em\u00a0\u00bb text_orientation=\u00a0\u00bbleft\u00a0\u00bb custom_margin=\u00a0\u00bb||||false|false\u00a0\u00bb custom_padding=\u00a0\u00bb||||false|false\u00a0\u00bb custom_css_before=\u00a0\u00bb||\u00a0\u00bb custom_css_main_element=\u00a0\u00bb||\u00a0\u00bb custom_css_content=\u00a0\u00bbpadding :0 20px;\u00a0\u00bb locked=\u00a0\u00bboff\u00a0\u00bb global_colors_info=\u00a0\u00bb{}\u00a0\u00bb body_text_color__hover_enabled=\u00a0\u00bboff|desktop\u00a0\u00bb read_more_text_color__hover_enabled=\u00a0\u00bboff|desktop\u00a0\u00bb custom_css_main_element_last_edited=\u00a0\u00bbon|tablet\u00a0\u00bb custom_css_main_element_tablet=\u00a0\u00bbcolumn-count: auto;||column-gap: 0px;||margin: 0 !important;||\u00a0\u00bb custom_css_main_element_phone=\u00a0\u00bbcolumn-count: auto;||column-gap: 0px;||margin: 0 !important;||\u00a0\u00bb background_color=\u00a0\u00bbRGBA(0,0,0,0)\u00a0\u00bb header_letter_spacing=\u00a0\u00bb-0.02em\u00a0\u00bb body_font=\u00a0\u00bbMontserrat|500|||||||\u00a0\u00bb][\/et_pb_blog][\/et_pb_column][\/et_pb_row][\/et_pb_section][et_pb_section fb_built=\u00a0\u00bb1&Prime; custom_padding_last_edited=\u00a0\u00bbon|phone\u00a0\u00bb disabled_on=\u00a0\u00bboff|off|off\u00a0\u00bb _builder_version=\u00a0\u00bb4.16&Prime; custom_margin_tablet=\u00a0\u00bb||-80px\u00a0\u00bb custom_margin_last_edited=\u00a0\u00bboff|desktop\u00a0\u00bb custom_padding=\u00a0\u00bb26px|0|100px|0px|false|false\u00a0\u00bb custom_padding_tablet=\u00a0\u00bb||0px||false|false\u00a0\u00bb custom_padding_phone=\u00a0\u00bb||0px||false|false\u00a0\u00bb top_divider_style=\u00a0\u00bbslant\u00a0\u00bb top_divider_color=\u00a0\u00bb#FFFFFF\u00a0\u00bb top_divider_height=\u00a0\u00bb310px\u00a0\u00bb top_divider_repeat=\u00a0\u00bb1x\u00a0\u00bb top_divider_flip=\u00a0\u00bbhorizontal\u00a0\u00bb top_divider_style_tablet=\u00a0\u00bb\u00a0\u00bb top_divider_style_phone=\u00a0\u00bbnone\u00a0\u00bb top_divider_style_last_edited=\u00a0\u00bbon|phone\u00a0\u00bb da_disable_devices=\u00a0\u00bboff|off|off\u00a0\u00bb saved_tabs=\u00a0\u00bball\u00a0\u00bb locked=\u00a0\u00bboff\u00a0\u00bb global_colors_info=\u00a0\u00bb{}\u00a0\u00bb da_is_popup=\u00a0\u00bboff\u00a0\u00bb da_exit_intent=\u00a0\u00bboff\u00a0\u00bb da_has_close=\u00a0\u00bbon\u00a0\u00bb da_alt_close=\u00a0\u00bboff\u00a0\u00bb da_dark_close=\u00a0\u00bboff\u00a0\u00bb da_not_modal=\u00a0\u00bbon\u00a0\u00bb da_is_singular=\u00a0\u00bboff\u00a0\u00bb da_with_loader=\u00a0\u00bboff\u00a0\u00bb da_has_shadow=\u00a0\u00bbon\u00a0\u00bb][et_pb_row column_structure=\u00a0\u00bb3_5,2_5&Prime; use_custom_gutter=\u00a0\u00bbon\u00a0\u00bb _builder_version=\u00a0\u00bb4.16&Prime; background_color=\u00a0\u00bbRGBA(0,0,0,0)\u00a0\u00bb width=\u00a0\u00bb100%\u00a0\u00bb width_tablet=\u00a0\u00bb80%\u00a0\u00bb width_last_edited=\u00a0\u00bboff|desktop\u00a0\u00bb max_width_tablet=\u00a0\u00bb80%\u00a0\u00bb max_width_last_edited=\u00a0\u00bboff|desktop\u00a0\u00bb custom_margin_phone=\u00a0\u00bb30px||30px||false|false\u00a0\u00bb custom_margin_last_edited=\u00a0\u00bboff|desktop\u00a0\u00bb make_fullwidth=\u00a0\u00bbon\u00a0\u00bb global_colors_info=\u00a0\u00bb{}\u00a0\u00bb][et_pb_column type=\u00a0\u00bb3_5&Prime; _builder_version=\u00a0\u00bb4.16&Prime; custom_padding=\u00a0\u00bb0px||||false|false\u00a0\u00bb pac_dcm_carousel_specific_module_num=\u00a0\u00bb0&Prime; global_colors_info=\u00a0\u00bb{}\u00a0\u00bb custom_padding__hover=\u00a0\u00bb|||\u00a0\u00bb][et_pb_image src=\u00a0\u00bbhttps:\/\/buyco.co\/wp-content\/uploads\/2021\/09\/streamline_supply_chain_demo_900-1.png\u00a0\u00bb alt=\u00a0\u00bbBuyco Onsite &#8211; Book a demo\u00a0\u00bb title_text=\u00a0\u00bbstreamline_supply_chain_demo_900&Prime; align_tablet=\u00a0\u00bbcenter\u00a0\u00bb align_phone=\u00a0\u00bbcenter\u00a0\u00bb align_last_edited=\u00a0\u00bbon|desktop\u00a0\u00bb _builder_version=\u00a0\u00bb4.16&Prime; width_tablet=\u00a0\u00bb\u00a0\u00bb width_phone=\u00a0\u00bb\u00a0\u00bb width_last_edited=\u00a0\u00bbon|phone\u00a0\u00bb max_width=\u00a0\u00bb700px\u00a0\u00bb module_alignment=\u00a0\u00bbcenter\u00a0\u00bb overflow-x=\u00a0\u00bbvisible\u00a0\u00bb custom_margin_tablet=\u00a0\u00bb\u00a0\u00bb custom_margin_phone=\u00a0\u00bb|||-58px|false|false\u00a0\u00bb custom_margin_last_edited=\u00a0\u00bbon|phone\u00a0\u00bb module_alignment_tablet=\u00a0\u00bbcenter\u00a0\u00bb module_alignment_phone=\u00a0\u00bbcenter\u00a0\u00bb module_alignment_last_edited=\u00a0\u00bbon|phone\u00a0\u00bb global_colors_info=\u00a0\u00bb{}\u00a0\u00bb][\/et_pb_image][\/et_pb_column][et_pb_column type=\u00a0\u00bb2_5&Prime; _builder_version=\u00a0\u00bb4.16&Prime; custom_padding=\u00a0\u00bb148px||0px||false|false\u00a0\u00bb custom_padding_tablet=\u00a0\u00bb0px||100px\u00a0\u00bb custom_padding_phone=\u00a0\u00bb0px|||\u00a0\u00bb custom_padding_last_edited=\u00a0\u00bbon|phone\u00a0\u00bb pac_dcm_carousel_specific_module_num=\u00a0\u00bb0&Prime; global_colors_info=\u00a0\u00bb{}\u00a0\u00bb padding_phone=\u00a0\u00bb0px|||\u00a0\u00bb padding_tablet=\u00a0\u00bb0px||100px\u00a0\u00bb padding_last_edited=\u00a0\u00bbon|phone\u00a0\u00bb custom_padding__hover=\u00a0\u00bb|||\u00a0\u00bb][et_pb_text _builder_version=\u00a0\u00bb4.16&Prime; text_font=\u00a0\u00bb||||||||\u00a0\u00bb text_text_color=\u00a0\u00bb#FFFFFF\u00a0\u00bb header_2_text_align=\u00a0\u00bbleft\u00a0\u00bb header_2_text_color=\u00a0\u00bb#FFFFFF\u00a0\u00bb max_width_tablet=\u00a0\u00bb580px\u00a0\u00bb max_width_phone=\u00a0\u00bb580px\u00a0\u00bb max_width_last_edited=\u00a0\u00bbon|tablet\u00a0\u00bb custom_margin=\u00a0\u00bb0px||||false|false\u00a0\u00bb custom_margin_tablet=\u00a0\u00bb50px||||false|false\u00a0\u00bb custom_margin_phone=\u00a0\u00bb50px|||0px|false|false\u00a0\u00bb custom_margin_last_edited=\u00a0\u00bbon|tablet\u00a0\u00bb custom_padding=\u00a0\u00bb0px|0px|0px|0px|false|false\u00a0\u00bb custom_padding_tablet=\u00a0\u00bb|||0px|false|false\u00a0\u00bb custom_padding_phone=\u00a0\u00bb|0px|||false|false\u00a0\u00bb custom_padding_last_edited=\u00a0\u00bbon|tablet\u00a0\u00bb header_2_text_align_tablet=\u00a0\u00bbcenter\u00a0\u00bb header_2_text_align_phone=\u00a0\u00bbcenter\u00a0\u00bb header_2_text_align_last_edited=\u00a0\u00bbon|phone\u00a0\u00bb module_alignment_tablet=\u00a0\u00bbcenter\u00a0\u00bb module_alignment_phone=\u00a0\u00bbcenter\u00a0\u00bb module_alignment_last_edited=\u00a0\u00bbon|tablet\u00a0\u00bb inline_fonts=\u00a0\u00bbMontserrat\u00a0\u00bb global_colors_info=\u00a0\u00bb{}\u00a0\u00bb]<\/p>\n<h2><strong>Pr\u00eat \u00e0 simplifier<br \/>\nvotre supply chain ?<\/strong><\/h2>\n<p>D\u00e9couvrez comment la collaboration, l\u2019automatisation et la visibilit\u00e9 am\u00e9lioreront votre cha\u00eene d\u2019approvisionnement maritime.[\/et_pb_text][et_pb_button button_url=\u00a0\u00bb@ET-DC@eyJkeW5hbWljIjp0cnVlLCJjb250ZW50IjoicG9zdF9saW5rX3VybF9wYWdlIiwic2V0dGluZ3MiOnsicG9zdF9pZCI6IjMwNTcifX0=@\u00a0\u00bb button_text=\u00a0\u00bbDemandez une d\u00e9mo gratuite\u00a0\u00bb button_alignment_tablet=\u00a0\u00bbcenter\u00a0\u00bb button_alignment_phone=\u00a0\u00bbcenter\u00a0\u00bb button_alignment_last_edited=\u00a0\u00bbon|phone\u00a0\u00bb _builder_version=\u00a0\u00bb4.16&Prime; _dynamic_attributes=\u00a0\u00bbbutton_url\u00a0\u00bb custom_button=\u00a0\u00bbon\u00a0\u00bb button_text_size=\u00a0\u00bb19px\u00a0\u00bb button_text_color=\u00a0\u00bb#ffffff\u00a0\u00bb button_bg_color=\u00a0\u00bb#2ca8dd\u00a0\u00bb button_border_color=\u00a0\u00bbRGBA(0,0,0,0)\u00a0\u00bb button_border_radius=\u00a0\u00bb4px\u00a0\u00bb button_letter_spacing=\u00a0\u00bb0px\u00a0\u00bb button_font=\u00a0\u00bbMontserrat|600|||||||\u00a0\u00bb button_icon=\u00a0\u00bb&#x24;||divi||400&Prime; background_layout=\u00a0\u00bbdark\u00a0\u00bb custom_margin_tablet=\u00a0\u00bb50px||||false|false\u00a0\u00bb custom_margin_phone=\u00a0\u00bb50px||||false|false\u00a0\u00bb custom_margin_last_edited=\u00a0\u00bbon|tablet\u00a0\u00bb global_colors_info=\u00a0\u00bb{}\u00a0\u00bb button_bg_color__hover=\u00a0\u00bb#2b89db\u00a0\u00bb button_bg_color__hover_enabled=\u00a0\u00bbon\u00a0\u00bb][\/et_pb_button][\/et_pb_column][\/et_pb_row][\/et_pb_section]<\/p>\n","protected":false},"excerpt":{"rendered":"<p>Webinaires D\u00e9couvrez les derni\u00e8res tendances du march\u00e9 et les bonnes pratiques pour g\u00e9rer efficacement votre supply chain maritimeTout \u00a0 \u00a0 \u00a0 Ebooks \u00a0 \u00a0 \u00a0 Webinaires \u00a0 \u00a0 \u00a0 \u00c9tudes de casPr\u00eat \u00e0 simplifier votre supply chain ? D\u00e9couvrez comment la collaboration, l\u2019automatisation et la visibilit\u00e9 am\u00e9lioreront votre cha\u00eene d\u2019approvisionnement maritime.<\/p>\n","protected":false},"author":1376,"featured_media":0,"parent":233777,"menu_order":0,"comment_status":"closed","ping_status":"closed","template":"","meta":{"_acf_changed":false,"_et_pb_use_builder":"on","_et_pb_old_content":"","_et_gb_content_width":"","inline_featured_image":false,"footnotes":""},"class_list":["post-234536","page","type-page","status-publish","hentry"],"acf":[],"yoast_head":"<!-- This site is optimized with the Yoast SEO Premium plugin v27.3 (Yoast SEO v27.3) - https:\/\/yoast.com\/product\/yoast-seo-premium-wordpress\/ -->\n<title>Webinaires - Buyco<\/title>\n<meta name=\"description\" content=\"Tous nos livres blancs et webinaires pour connaitre les derni\u00e8res tendances du march\u00e9 et les bonnes pratiques pour g\u00e9rer une supply chain maritime plus s\u00fbre et efficace.\" \/>\n<meta name=\"robots\" content=\"index, follow, max-snippet:-1, max-image-preview:large, max-video-preview:-1\" \/>\n<link rel=\"canonical\" href=\"https:\/\/buyco.co\/fr\/ressources\/webinaires\/\" \/>\n<meta property=\"og:locale\" content=\"fr_FR\" \/>\n<meta property=\"og:type\" content=\"article\" \/>\n<meta property=\"og:title\" content=\"Webinaires\" \/>\n<meta property=\"og:description\" content=\"Tous nos livres blancs et webinaires pour connaitre les derni\u00e8res tendances du march\u00e9 et les bonnes pratiques pour g\u00e9rer une supply chain maritime plus s\u00fbre et efficace.\" \/>\n<meta property=\"og:url\" content=\"https:\/\/buyco.co\/fr\/ressources\/webinaires\/\" \/>\n<meta property=\"og:site_name\" content=\"Buyco\" \/>\n<meta property=\"article:modified_time\" content=\"2025-07-16T08:46:05+00:00\" \/>\n<meta name=\"twitter:card\" content=\"summary_large_image\" \/>\n<meta name=\"twitter:label1\" content=\"Dur\u00e9e de lecture estim\u00e9e\" \/>\n\t<meta name=\"twitter:data1\" content=\"2 minutes\" \/>\n<script type=\"application\/ld+json\" class=\"yoast-schema-graph\">{\"@context\":\"https:\\\/\\\/schema.org\",\"@graph\":[{\"@type\":\"WebPage\",\"@id\":\"https:\\\/\\\/buyco.co\\\/fr\\\/ressources\\\/webinaires\\\/\",\"url\":\"https:\\\/\\\/buyco.co\\\/fr\\\/ressources\\\/webinaires\\\/\",\"name\":\"Webinaires - Buyco\",\"isPartOf\":{\"@id\":\"https:\\\/\\\/buyco.co\\\/fr\\\/#website\"},\"datePublished\":\"2021-10-04T22:03:50+00:00\",\"dateModified\":\"2025-07-16T08:46:05+00:00\",\"description\":\"Tous nos livres blancs et webinaires pour connaitre les derni\u00e8res tendances du march\u00e9 et les bonnes pratiques pour g\u00e9rer une supply chain maritime plus s\u00fbre et efficace.\",\"breadcrumb\":{\"@id\":\"https:\\\/\\\/buyco.co\\\/fr\\\/ressources\\\/webinaires\\\/#breadcrumb\"},\"inLanguage\":\"fr-FR\",\"potentialAction\":[{\"@type\":\"ReadAction\",\"target\":[\"https:\\\/\\\/buyco.co\\\/fr\\\/ressources\\\/webinaires\\\/\"]}]},{\"@type\":\"BreadcrumbList\",\"@id\":\"https:\\\/\\\/buyco.co\\\/fr\\\/ressources\\\/webinaires\\\/#breadcrumb\",\"itemListElement\":[{\"@type\":\"ListItem\",\"position\":1,\"name\":\"Homepage\",\"item\":\"https:\\\/\\\/buyco.co\\\/fr\\\/home-page\\\/\"},{\"@type\":\"ListItem\",\"position\":2,\"name\":\"Ressources\",\"item\":\"https:\\\/\\\/buyco.co\\\/fr\\\/ressources\\\/\"},{\"@type\":\"ListItem\",\"position\":3,\"name\":\"Webinaires\"}]},{\"@type\":\"WebSite\",\"@id\":\"https:\\\/\\\/buyco.co\\\/fr\\\/#website\",\"url\":\"https:\\\/\\\/buyco.co\\\/fr\\\/\",\"name\":\"Buyco\",\"description\":\"The Collaborative Platform for your Container Shipping\",\"publisher\":{\"@id\":\"https:\\\/\\\/buyco.co\\\/fr\\\/#organization\"},\"potentialAction\":[{\"@type\":\"SearchAction\",\"target\":{\"@type\":\"EntryPoint\",\"urlTemplate\":\"https:\\\/\\\/buyco.co\\\/fr\\\/?s={search_term_string}\"},\"query-input\":{\"@type\":\"PropertyValueSpecification\",\"valueRequired\":true,\"valueName\":\"search_term_string\"}}],\"inLanguage\":\"fr-FR\"},{\"@type\":\"Organization\",\"@id\":\"https:\\\/\\\/buyco.co\\\/fr\\\/#organization\",\"name\":\"Buyco\",\"url\":\"https:\\\/\\\/buyco.co\\\/fr\\\/\",\"logo\":{\"@type\":\"ImageObject\",\"inLanguage\":\"fr-FR\",\"@id\":\"https:\\\/\\\/buyco.co\\\/fr\\\/#\\\/schema\\\/logo\\\/image\\\/\",\"url\":\"https:\\\/\\\/buyco.co\\\/wp-content\\\/uploads\\\/2019\\\/01\\\/buyco-logo-miniature.png\",\"contentUrl\":\"https:\\\/\\\/buyco.co\\\/wp-content\\\/uploads\\\/2019\\\/01\\\/buyco-logo-miniature.png\",\"width\":314,\"height\":315,\"caption\":\"Buyco\"},\"image\":{\"@id\":\"https:\\\/\\\/buyco.co\\\/fr\\\/#\\\/schema\\\/logo\\\/image\\\/\"}}]}<\/script>\n<!-- \/ Yoast SEO Premium plugin. -->","yoast_head_json":{"title":"Webinaires - Buyco","description":"Tous nos livres blancs et webinaires pour connaitre les derni\u00e8res tendances du march\u00e9 et les bonnes pratiques pour g\u00e9rer une supply chain maritime plus s\u00fbre et efficace.","robots":{"index":"index","follow":"follow","max-snippet":"max-snippet:-1","max-image-preview":"max-image-preview:large","max-video-preview":"max-video-preview:-1"},"canonical":"https:\/\/buyco.co\/fr\/ressources\/webinaires\/","og_locale":"fr_FR","og_type":"article","og_title":"Webinaires","og_description":"Tous nos livres blancs et webinaires pour connaitre les derni\u00e8res tendances du march\u00e9 et les bonnes pratiques pour g\u00e9rer une supply chain maritime plus s\u00fbre et efficace.","og_url":"https:\/\/buyco.co\/fr\/ressources\/webinaires\/","og_site_name":"Buyco","article_modified_time":"2025-07-16T08:46:05+00:00","twitter_card":"summary_large_image","twitter_misc":{"Dur\u00e9e de lecture estim\u00e9e":"2 minutes"},"schema":{"@context":"https:\/\/schema.org","@graph":[{"@type":"WebPage","@id":"https:\/\/buyco.co\/fr\/ressources\/webinaires\/","url":"https:\/\/buyco.co\/fr\/ressources\/webinaires\/","name":"Webinaires - Buyco","isPartOf":{"@id":"https:\/\/buyco.co\/fr\/#website"},"datePublished":"2021-10-04T22:03:50+00:00","dateModified":"2025-07-16T08:46:05+00:00","description":"Tous nos livres blancs et webinaires pour connaitre les derni\u00e8res tendances du march\u00e9 et les bonnes pratiques pour g\u00e9rer une supply chain maritime plus s\u00fbre et efficace.","breadcrumb":{"@id":"https:\/\/buyco.co\/fr\/ressources\/webinaires\/#breadcrumb"},"inLanguage":"fr-FR","potentialAction":[{"@type":"ReadAction","target":["https:\/\/buyco.co\/fr\/ressources\/webinaires\/"]}]},{"@type":"BreadcrumbList","@id":"https:\/\/buyco.co\/fr\/ressources\/webinaires\/#breadcrumb","itemListElement":[{"@type":"ListItem","position":1,"name":"Homepage","item":"https:\/\/buyco.co\/fr\/home-page\/"},{"@type":"ListItem","position":2,"name":"Ressources","item":"https:\/\/buyco.co\/fr\/ressources\/"},{"@type":"ListItem","position":3,"name":"Webinaires"}]},{"@type":"WebSite","@id":"https:\/\/buyco.co\/fr\/#website","url":"https:\/\/buyco.co\/fr\/","name":"Buyco","description":"The Collaborative Platform for your Container Shipping","publisher":{"@id":"https:\/\/buyco.co\/fr\/#organization"},"potentialAction":[{"@type":"SearchAction","target":{"@type":"EntryPoint","urlTemplate":"https:\/\/buyco.co\/fr\/?s={search_term_string}"},"query-input":{"@type":"PropertyValueSpecification","valueRequired":true,"valueName":"search_term_string"}}],"inLanguage":"fr-FR"},{"@type":"Organization","@id":"https:\/\/buyco.co\/fr\/#organization","name":"Buyco","url":"https:\/\/buyco.co\/fr\/","logo":{"@type":"ImageObject","inLanguage":"fr-FR","@id":"https:\/\/buyco.co\/fr\/#\/schema\/logo\/image\/","url":"https:\/\/buyco.co\/wp-content\/uploads\/2019\/01\/buyco-logo-miniature.png","contentUrl":"https:\/\/buyco.co\/wp-content\/uploads\/2019\/01\/buyco-logo-miniature.png","width":314,"height":315,"caption":"Buyco"},"image":{"@id":"https:\/\/buyco.co\/fr\/#\/schema\/logo\/image\/"}}]}},"_links":{"self":[{"href":"https:\/\/buyco.co\/fr\/wp-json\/wp\/v2\/pages\/234536","targetHints":{"allow":["GET"]}}],"collection":[{"href":"https:\/\/buyco.co\/fr\/wp-json\/wp\/v2\/pages"}],"about":[{"href":"https:\/\/buyco.co\/fr\/wp-json\/wp\/v2\/types\/page"}],"author":[{"embeddable":true,"href":"https:\/\/buyco.co\/fr\/wp-json\/wp\/v2\/users\/1376"}],"replies":[{"embeddable":true,"href":"https:\/\/buyco.co\/fr\/wp-json\/wp\/v2\/comments?post=234536"}],"version-history":[{"count":2,"href":"https:\/\/buyco.co\/fr\/wp-json\/wp\/v2\/pages\/234536\/revisions"}],"predecessor-version":[{"id":257569,"href":"https:\/\/buyco.co\/fr\/wp-json\/wp\/v2\/pages\/234536\/revisions\/257569"}],"up":[{"embeddable":true,"href":"https:\/\/buyco.co\/fr\/wp-json\/wp\/v2\/pages\/233777"}],"wp:attachment":[{"href":"https:\/\/buyco.co\/fr\/wp-json\/wp\/v2\/media?parent=234536"}],"curies":[{"name":"wp","href":"https:\/\/api.w.org\/{rel}","templated":true}]}}