{"id":244856,"date":"2023-06-13T16:12:29","date_gmt":"2023-06-13T14:12:29","guid":{"rendered":"https:\/\/buyco.co\/?page_id=244856"},"modified":"2025-03-13T18:58:24","modified_gmt":"2025-03-13T17:58:24","slug":"politique-cookies","status":"publish","type":"page","link":"https:\/\/buyco.co\/fr\/politique-cookies\/","title":{"rendered":"Politique Cookies"},"content":{"rendered":"<p>[et_pb_section fb_built=\u00a0\u00bb1&Prime; disabled_on=\u00a0\u00bboff|off|off\u00a0\u00bb admin_label=\u00a0\u00bbsection\u00a0\u00bb _builder_version=\u00a0\u00bb4.16&Prime; custom_padding=\u00a0\u00bb81px|0px|167px|0px|false|false\u00a0\u00bb da_disable_devices=\u00a0\u00bboff|off|off\u00a0\u00bb locked=\u00a0\u00bboff\u00a0\u00bb global_colors_info=\u00a0\u00bb{}\u00a0\u00bb da_is_popup=\u00a0\u00bboff\u00a0\u00bb da_exit_intent=\u00a0\u00bboff\u00a0\u00bb da_has_close=\u00a0\u00bbon\u00a0\u00bb da_alt_close=\u00a0\u00bboff\u00a0\u00bb da_dark_close=\u00a0\u00bboff\u00a0\u00bb da_not_modal=\u00a0\u00bbon\u00a0\u00bb da_is_singular=\u00a0\u00bboff\u00a0\u00bb da_with_loader=\u00a0\u00bboff\u00a0\u00bb da_has_shadow=\u00a0\u00bbon\u00a0\u00bb][et_pb_row custom_padding_last_edited=\u00a0\u00bbon|tablet\u00a0\u00bb _builder_version=\u00a0\u00bb4.16&Prime; background_color=\u00a0\u00bb#FFFFFF\u00a0\u00bb width_tablet=\u00a0\u00bb\u00a0\u00bb width_phone=\u00a0\u00bb100%\u00a0\u00bb width_last_edited=\u00a0\u00bbon|phone\u00a0\u00bb custom_padding=\u00a0\u00bb150px|0px|0|0px|false|false\u00a0\u00bb custom_padding_tablet=\u00a0\u00bb90px||||false|false\u00a0\u00bb custom_padding_phone=\u00a0\u00bb50px||||false|false\u00a0\u00bb global_colors_info=\u00a0\u00bb{}\u00a0\u00bb][et_pb_column type=\u00a0\u00bb4_4&Prime; _builder_version=\u00a0\u00bb4.16&Prime; custom_padding=\u00a0\u00bb|||\u00a0\u00bb global_colors_info=\u00a0\u00bb{}\u00a0\u00bb custom_padding__hover=\u00a0\u00bb|||\u00a0\u00bb][et_pb_text _builder_version=\u00a0\u00bb4.17.4&Prime; text_font=\u00a0\u00bb|300|||||||\u00a0\u00bb header_text_color=\u00a0\u00bb#002C67&Prime; max_width=\u00a0\u00bb70%\u00a0\u00bb max_width_tablet=\u00a0\u00bb80%\u00a0\u00bb max_width_phone=\u00a0\u00bb\u00a0\u00bb max_width_last_edited=\u00a0\u00bbon|tablet\u00a0\u00bb module_alignment=\u00a0\u00bbcenter\u00a0\u00bb custom_margin=\u00a0\u00bb||0px||false|false\u00a0\u00bb custom_padding=\u00a0\u00bb||0px||false|false\u00a0\u00bb global_colors_info=\u00a0\u00bb{}\u00a0\u00bb]<\/p>\n<h1><strong>Politique Cookies<\/strong><\/h1>\n<p><span title=\"\"><\/span><\/p>\n<h2><span style=\"font-weight: 400;\">Quelle est l\u2019utilit\u00e9 de cette politique ?<\/span><\/h2>\n<p><b>Nous accordons une grande importance \u00e0 la confidentialit\u00e9 de vos donn\u00e9es qui repr\u00e9sente pour nous un gage de s\u00e9rieux et de confiance, peu importe qu\u2019il s\u2019agisse de cookies ou de donn\u00e9es personnelles.<\/b><\/p>\n<p><span style=\"font-weight: 400;\">La politique <\/span><b>cookies<\/b><span style=\"font-weight: 400;\"> vise \u00e0 vous expliquer pourquoi nous utilisons des cookies ainsi que tout autre type de <\/span><b>traceurs<\/b><span style=\"font-weight: 400;\"> lorsque vous naviguez sur notre site <\/span><a href=\"http:\/\/www.buyco.co\"><span style=\"font-weight: 400;\">www.buyco.co<\/span><\/a><span style=\"font-weight: 400;\">.\u00a0<\/span><\/p>\n<p><span style=\"font-weight: 400;\">En revanche, cette politique cookies ne concerne que les traitements relatifs au <\/span><b>d\u00e9p\u00f4t de cookies et traceurs<\/b><span style=\"font-weight: 400;\">. Pour les autres traitements que nous effectuons, merci de consulter notre <\/span><b>politique de confidentialit\u00e9 des donn\u00e9es<\/b><span style=\"font-weight: 400;\">, <\/span><b>accessible \u00e0 tout moment<\/b><span style=\"font-weight: 400;\"> sur notre site Buyco.<\/span><\/p>\n<h2><span style=\"font-weight: 400;\">Qu&rsquo;est-ce qu\u2019un cookie et quelle est son utilit\u00e9 ?<\/span><\/h2>\n<p><span style=\"font-weight: 400;\">Les cookies et autres traceurs sont des <\/span><b>petits fichiers \u201ctexte\u201d<\/b><span style=\"font-weight: 400;\"> plac\u00e9s et h\u00e9berg\u00e9s par un serveur sur votre <\/span><b>smartphone, tablette ou ordinateur<\/b><span style=\"font-weight: 400;\"> lorsque vous consultez un site internet.<\/span><\/p>\n<p><span style=\"font-weight: 400;\">Les cookies <\/span><b>ne permettent pas de vous identifier personnellement<\/b><span style=\"font-weight: 400;\"> mais identifient votre terminal (ex : smartphone, tablette, etc.) via votre adresse IP, ainsi que diff\u00e9rentes informations li\u00e9es \u00e0 votre navigation (ex : dur\u00e9e de navigation, pages consult\u00e9es, etc.) afin de :<\/span><\/p>\n<ul>\n<li style=\"font-weight: 400;\" aria-level=\"1\"><span style=\"font-weight: 400;\">m\u00e9moriser votre identifiant afin de vous reconna\u00eetre lorsque vous vous connectez de nouveau sur un site internet et de conserver votre choix (ex : langues, refus des cookies, conserver votre panier, etc.).<\/span><\/li>\n<li style=\"font-weight: 400;\" aria-level=\"1\"><span style=\"font-weight: 400;\">tracer et analyser l&rsquo;usage que vous faites d&rsquo;un site internet \u00e0 des fins statistiques afin d&rsquo;am\u00e9liorer votre exp\u00e9rience et de vous fournir un service adapt\u00e9 \u00e0 vos besoins.<\/span><\/li>\n<li style=\"font-weight: 400;\" aria-level=\"1\"><span style=\"font-weight: 400;\">permettre de naviguer et d&rsquo;utiliser un site internet dans des conditions optimales.<\/span><\/li>\n<li style=\"font-weight: 400;\" aria-level=\"1\"><span style=\"font-weight: 400;\">analyser l&rsquo;usage que vous faites d&rsquo;un site internet afin de vous fournir de la publicit\u00e9 adapt\u00e9e \u00e0 vos besoins soit sur ce site internet soit sur d&rsquo;autres sites internet.<\/span><\/li>\n<\/ul>\n<p><span style=\"font-weight: 400;\">Pour plus d\u2019informations sur ce sujet, vous pouvez consulter les sites internet suivants : <\/span><a href=\"http:\/\/www.cnil.fr\"><span style=\"font-weight: 400;\">www.cnil.fr<\/span><\/a><span style=\"font-weight: 400;\">, <\/span><a href=\"http:\/\/www.allaboutcookies.org\"><span style=\"font-weight: 400;\">www.allaboutcookies.org<\/span><\/a><span style=\"font-weight: 400;\"> et <\/span><a href=\"http:\/\/www.youronlinechoices.eu\"><span style=\"font-weight: 400;\">www.youronlinechoices.eu<\/span><\/a><span style=\"font-weight: 400;\">.\u00a0<\/span><\/p>\n<h2><span style=\"font-weight: 400;\">Pourquoi utilisons-nous des \u201ccookies\u201d et pour combien de temps ?<\/span><\/h2>\n<p><span style=\"font-weight: 400;\">Lorsque vous vous connectez sur notre site internet www.buyco.co, nous sommes amen\u00e9s \u00e0 d\u00e9poser des cookies sur votre terminal <\/span><b>uniquement<\/b><span style=\"font-weight: 400;\"> pour les <\/span><b>raisons et les fondements suivants <\/b><span style=\"font-weight: 400;\">:<\/span><\/p>\n<ul>\n<ul>\n<li style=\"font-weight: 400;\" aria-level=\"1\"><b>Cookies techniques<\/b><span style=\"font-weight: 400;\"> qui permettent d&rsquo;utiliser notre site Buyco en toute s\u00e9curit\u00e9 sur la base de notre int\u00e9r\u00eat l\u00e9gitime \u00e0 vous proposer un site internet de qualit\u00e9.<\/span><\/li>\n<li style=\"font-weight: 400;\" aria-level=\"1\"><b>Cookies techniques<\/b><span style=\"font-weight: 400;\"> qui permettent de faire fonctionner les vid\u00e9os diffus\u00e9es sur notre site Buyco, sur la base de votre consentement pr\u00e9alable.<\/span><\/li>\n<li style=\"font-weight: 400;\" aria-level=\"1\"><b>Cookies statistiques<\/b><span style=\"font-weight: 400;\"> qui permettent de conna\u00eetre l\u2019usage que vous faites de notre site Buyco (ex : dur\u00e9e de visionnage d\u2019une page, pages consult\u00e9es, etc.) sur la base de votre consentement pr\u00e9alable, afin de vous fournir un service adapt\u00e9 et de qualit\u00e9.<\/span><\/li>\n<li style=\"font-weight: 400;\" aria-level=\"1\"><b>Cookies tiers<\/b><span style=\"font-weight: 400;\"> qui permettent d&rsquo;identifier la source de votre arriv\u00e9e sur notre site internet afin d&rsquo;am\u00e9liorer notre service au quotidien, sur la base de votre <\/span><b>consentement pr\u00e9alable<\/b><span style=\"font-weight: 400;\">.<\/span><\/li>\n<\/ul>\n<\/ul>\n<ul>\n<li aria-level=\"1\"><b>Cookies tiers <\/b><span style=\"font-weight: 400;\">qui permettent de diffuser de la publicit\u00e9 relative \u00e0 d&rsquo;autres services adapt\u00e9s \u00e0 vos besoins et attentes sur notre site internet, sur la base de votre <\/span><b>consentement pr\u00e9alable.<\/b><\/li>\n<\/ul>\n<p><span style=\"font-weight: 400;\">Dans tous les cas, les cookies d\u00e9pos\u00e9s, quelle que soit leur nature, sont conserv\u00e9s pendant une <\/span><b>dur\u00e9e maximale de 13 mois<\/b><span style=\"font-weight: 400;\"> \u00e0 compter de leur installation et ne se renouvellent qu\u2019en cas de nouvelle connexion sur notre site internet \u00e0 l\u2019expiration de ce d\u00e9lai. Si vous souhaitez plus de d\u00e9tails sur les dur\u00e9es d&rsquo;utilisation de nos cookies, n&rsquo;h\u00e9sitez pas \u00e0 nous contacter \u00e0 l&rsquo;adresse <\/span><a href=\"mailto:privacy@buyco.co\"><span style=\"font-weight: 400;\">privacy@buyco.co<\/span><\/a><span style=\"font-weight: 400;\">.\u00a0<\/span><\/p>\n<p><span style=\"font-weight: 400;\">Toutefois, les donn\u00e9es collect\u00e9es \u00e0 l\u2019aide de ces cookies peuvent \u00eatre conserv\u00e9es plus longtemps. Pour plus d\u2019informations \u00e0 ce sujet, vous pouvez consulter notre politique de confidentialit\u00e9 accessible \u00e0 tout moment sur notre site Buyco.\u00a0<\/span><\/p>\n<h2><span style=\"font-weight: 400;\">Quel contr\u00f4le avez-vous sur ces \u201ccookies\u201d ?<\/span><\/h2>\n<p><span style=\"font-weight: 400;\">Vous ne pouvez pas vous <\/span><b>opposer au d\u00e9p\u00f4t de cookies techniques<\/b><span style=\"font-weight: 400;\"> puisqu\u2019ils sont n\u00e9cessaires au bon fonctionnement de notre site Buyco. A d\u00e9faut, notre site serait potentiellement inutilisable.<\/span><\/p>\n<p><span style=\"font-weight: 400;\">Comme pr\u00e9cis\u00e9 pr\u00e9c\u00e9demment, cette exception ne s\u2019applique pas pour les cookies techniques d\u00e9pos\u00e9s sur votre terminal pour faire fonctionner des <\/span><b>vid\u00e9os<\/b><span style=\"font-weight: 400;\">. Dans ce cas pr\u00e9cis, le d\u00e9p\u00f4t de cookies n&rsquo;est possible que si vous y avez <\/span><b>pr\u00e9alablement consenti<\/b><span style=\"font-weight: 400;\">.<\/span><\/p>\n<p><span style=\"font-weight: 400;\">Cependant, en plus des droits d\u00e9taill\u00e9s dans notre politique de confidentialit\u00e9, vous disposez bien \u00e9videmment du droit de <\/span><b>refuser ou de retirer votre consentement<\/b><span style=\"font-weight: 400;\"> \u00e0 ce que tous les autres types de cookies soient install\u00e9s sur votre terminal.<\/span><\/p>\n<p><span style=\"font-weight: 400;\">Le droit de refuser des cookies s\u2019effectue \u00e0 tout moment \u00e0 l\u2019aide de notre bandeau cookies. Dans l\u2019hypoth\u00e8se o\u00f9 le bandeau cookies ne s\u2019afficherait plus, vous pouvez \u00e9galement param\u00e9trer les cookies directement sur votre navigateur en suivant les instructions suivantes : <\/span><a href=\"https:\/\/support.google.com\/chrome\/answer\/95647?hl=fr&amp;hlrm=en%20%22Chrome%22\"><b>Chrome<\/b><\/a><span style=\"font-weight: 400;\">, <\/span><a href=\"https:\/\/support.google.com\/chrome\/answer\/95647?hl=fr&amp;hlrm=en%20%22Chrome%22\"><b>Microsoft Edge<\/b><\/a><span style=\"font-weight: 400;\">, <\/span><a href=\"https:\/\/support.google.com\/chrome\/answer\/95647?hl=fr&amp;hlrm=en%20%22Chrome%22\"><b>Safari<\/b><\/a><span style=\"font-weight: 400;\">, <\/span><a href=\"https:\/\/support.google.com\/chrome\/answer\/95647?hl=fr&amp;hlrm=en%20%22Chrome%22\"><b>Firefox<\/b><\/a><span style=\"font-weight: 400;\"> et <\/span><a href=\"https:\/\/support.google.com\/chrome\/answer\/95647?hl=fr&amp;hlrm=en%20%22Chrome%22\"><b>Opera<\/b><\/a><span style=\"font-weight: 400;\">.<\/span><\/p>\n<h2><span style=\"font-weight: 400;\">Qui pouvez-vous contacter pour obtenir plus d\u2019informations ?<\/span><\/h2>\n<p><span style=\"font-weight: 400;\">Notre <\/span><b>D\u00e9l\u00e9gu\u00e9 \u00e0 la protection des donn\u00e9es (\u201cDPO\u201d)<\/b><span style=\"font-weight: 400;\"> est toujours \u00e0 votre disposition pour vous expliquer plus en d\u00e9tail la mani\u00e8re dont nous utilisons des cookies et pour r\u00e9pondre \u00e0 vos questions sur le sujet des donn\u00e9es personnelles \u00e0 l\u2019adresse <\/span><a href=\"mailto:privacy@buyco.co\"><span style=\"font-weight: 400;\">privacy@buyco.co<\/span><\/a><span style=\"font-weight: 400;\">.\u00a0<\/span><\/p>\n<h2><span style=\"font-weight: 400;\">Comment pouvez-vous contacter la CNIL ?<\/span><\/h2>\n<p><span style=\"font-weight: 400;\">Vous pouvez \u00e0 tout moment contacter <\/span><b>l\u2019autorit\u00e9 de contr\u00f4le fran\u00e7aise en mati\u00e8re de protection des donn\u00e9es<\/b><span style=\"font-weight: 400;\"> (la \u201cCommission nationale de l&rsquo;informatique et des libert\u00e9s\u201d ou \u201cCNIL\u201d) aux coordonn\u00e9es suivantes : Service des plaintes de la CNIL, 3 place de Fontenoy \u2013 TSA 80751, 75334 Paris Cedex 07 ou par t\u00e9l\u00e9phone au 01.53.73.22.22.<\/span><\/p>\n<h2><span style=\"font-weight: 400;\">La politique peut-elle \u00eatre modifi\u00e9e ?<\/span><\/h2>\n<p><span style=\"font-weight: 400;\">Nous sommes susceptibles de modifier notre politique cookies <\/span><b>\u00e0 tout moment <\/b><span style=\"font-weight: 400;\">pour l\u2019adapter aux <\/span><b>nouvelles exigences l\u00e9gales<\/b><span style=\"font-weight: 400;\"> ainsi qu\u2019aux <\/span><b>nouveaux traitements<\/b><span style=\"font-weight: 400;\"> que nous pourrions mettre en \u0153uvre dans le futur. Vous serez \u00e9videmment inform\u00e9s de toute modification de cette politique.<\/span><\/p>\n<p><i><span style=\"font-weight: 400;\">Certifi\u00e9 conforme par Dipeeo \u00ae<\/span><\/i><\/p>\n<p><i><span style=\"font-weight: 400;\"><\/span><\/i><\/p>\n<p><i><span style=\"font-weight: 400;\"><\/span><\/i><\/p>\n<p><i><span style=\"font-weight: 400;\"><\/span><\/i><\/p>\n<p>[\/et_pb_text][\/et_pb_column][\/et_pb_row][\/et_pb_section]<\/p>\n","protected":false},"excerpt":{"rendered":"<p>Politique Cookies Quelle est l\u2019utilit\u00e9 de cette politique ? Nous accordons une grande importance \u00e0 la confidentialit\u00e9 de vos donn\u00e9es qui repr\u00e9sente pour nous un gage de s\u00e9rieux et de confiance, peu importe qu\u2019il s\u2019agisse de cookies ou de donn\u00e9es personnelles. La politique cookies vise \u00e0 vous expliquer pourquoi nous utilisons des cookies ainsi que [&hellip;]<\/p>\n","protected":false},"author":1375,"featured_media":0,"parent":0,"menu_order":0,"comment_status":"closed","ping_status":"closed","template":"","meta":{"_acf_changed":false,"_et_pb_use_builder":"on","_et_pb_old_content":"","_et_gb_content_width":"","inline_featured_image":false,"footnotes":""},"class_list":["post-244856","page","type-page","status-publish","hentry"],"acf":[],"yoast_head":"<!-- This site is optimized with the Yoast SEO Premium plugin v27.4 (Yoast SEO v27.4) - https:\/\/yoast.com\/product\/yoast-seo-premium-wordpress\/ -->\n<title>Politique Cookies - Buyco<\/title>\n<meta name=\"description\" content=\"Nous accordons une grande importance \u00e0 la confidentialit\u00e9 de vos donn\u00e9es qui repr\u00e9sente pour nous un gage de s\u00e9rieux et de confiance\" \/>\n<meta name=\"robots\" content=\"noindex, nofollow\" \/>\n<meta property=\"og:locale\" content=\"fr_FR\" \/>\n<meta property=\"og:type\" content=\"article\" \/>\n<meta property=\"og:title\" content=\"Politique Cookies\" \/>\n<meta property=\"og:description\" content=\"Nous accordons une grande importance \u00e0 la confidentialit\u00e9 de vos donn\u00e9es qui repr\u00e9sente pour nous un gage de s\u00e9rieux et de confiance\" \/>\n<meta property=\"og:url\" content=\"https:\/\/buyco.co\/fr\/politique-cookies\/\" \/>\n<meta property=\"og:site_name\" content=\"Buyco\" \/>\n<meta property=\"article:modified_time\" content=\"2025-03-13T17:58:24+00:00\" \/>\n<meta name=\"twitter:card\" content=\"summary_large_image\" \/>\n<meta name=\"twitter:label1\" content=\"Dur\u00e9e de lecture estim\u00e9e\" \/>\n\t<meta name=\"twitter:data1\" content=\"4 minutes\" \/>\n<script type=\"application\/ld+json\" class=\"yoast-schema-graph\">{\"@context\":\"https:\\\/\\\/schema.org\",\"@graph\":[{\"@type\":\"WebPage\",\"@id\":\"https:\\\/\\\/buyco.co\\\/fr\\\/politique-cookies\\\/\",\"url\":\"https:\\\/\\\/buyco.co\\\/fr\\\/politique-cookies\\\/\",\"name\":\"Politique Cookies - Buyco\",\"isPartOf\":{\"@id\":\"https:\\\/\\\/buyco.co\\\/fr\\\/#website\"},\"datePublished\":\"2023-06-13T14:12:29+00:00\",\"dateModified\":\"2025-03-13T17:58:24+00:00\",\"description\":\"Nous accordons une grande importance \u00e0 la confidentialit\u00e9 de vos donn\u00e9es qui repr\u00e9sente pour nous un gage de s\u00e9rieux et de confiance\",\"breadcrumb\":{\"@id\":\"https:\\\/\\\/buyco.co\\\/fr\\\/politique-cookies\\\/#breadcrumb\"},\"inLanguage\":\"fr-FR\",\"potentialAction\":[{\"@type\":\"ReadAction\",\"target\":[\"https:\\\/\\\/buyco.co\\\/fr\\\/politique-cookies\\\/\"]}]},{\"@type\":\"BreadcrumbList\",\"@id\":\"https:\\\/\\\/buyco.co\\\/fr\\\/politique-cookies\\\/#breadcrumb\",\"itemListElement\":[{\"@type\":\"ListItem\",\"position\":1,\"name\":\"Homepage\",\"item\":\"https:\\\/\\\/buyco.co\\\/fr\\\/home-page\\\/\"},{\"@type\":\"ListItem\",\"position\":2,\"name\":\"Politique Cookies\"}]},{\"@type\":\"WebSite\",\"@id\":\"https:\\\/\\\/buyco.co\\\/fr\\\/#website\",\"url\":\"https:\\\/\\\/buyco.co\\\/fr\\\/\",\"name\":\"Buyco\",\"description\":\"The Collaborative Platform for your Container Shipping\",\"publisher\":{\"@id\":\"https:\\\/\\\/buyco.co\\\/fr\\\/#organization\"},\"potentialAction\":[{\"@type\":\"SearchAction\",\"target\":{\"@type\":\"EntryPoint\",\"urlTemplate\":\"https:\\\/\\\/buyco.co\\\/fr\\\/?s={search_term_string}\"},\"query-input\":{\"@type\":\"PropertyValueSpecification\",\"valueRequired\":true,\"valueName\":\"search_term_string\"}}],\"inLanguage\":\"fr-FR\"},{\"@type\":\"Organization\",\"@id\":\"https:\\\/\\\/buyco.co\\\/fr\\\/#organization\",\"name\":\"Buyco\",\"url\":\"https:\\\/\\\/buyco.co\\\/fr\\\/\",\"logo\":{\"@type\":\"ImageObject\",\"inLanguage\":\"fr-FR\",\"@id\":\"https:\\\/\\\/buyco.co\\\/fr\\\/#\\\/schema\\\/logo\\\/image\\\/\",\"url\":\"https:\\\/\\\/buyco.co\\\/wp-content\\\/uploads\\\/2019\\\/01\\\/buyco-logo-miniature.png\",\"contentUrl\":\"https:\\\/\\\/buyco.co\\\/wp-content\\\/uploads\\\/2019\\\/01\\\/buyco-logo-miniature.png\",\"width\":314,\"height\":315,\"caption\":\"Buyco\"},\"image\":{\"@id\":\"https:\\\/\\\/buyco.co\\\/fr\\\/#\\\/schema\\\/logo\\\/image\\\/\"}}]}<\/script>\n<!-- \/ Yoast SEO Premium plugin. -->","yoast_head_json":{"title":"Politique Cookies - Buyco","description":"Nous accordons une grande importance \u00e0 la confidentialit\u00e9 de vos donn\u00e9es qui repr\u00e9sente pour nous un gage de s\u00e9rieux et de confiance","robots":{"index":"noindex","follow":"nofollow"},"og_locale":"fr_FR","og_type":"article","og_title":"Politique Cookies","og_description":"Nous accordons une grande importance \u00e0 la confidentialit\u00e9 de vos donn\u00e9es qui repr\u00e9sente pour nous un gage de s\u00e9rieux et de confiance","og_url":"https:\/\/buyco.co\/fr\/politique-cookies\/","og_site_name":"Buyco","article_modified_time":"2025-03-13T17:58:24+00:00","twitter_card":"summary_large_image","twitter_misc":{"Dur\u00e9e de lecture estim\u00e9e":"4 minutes"},"schema":{"@context":"https:\/\/schema.org","@graph":[{"@type":"WebPage","@id":"https:\/\/buyco.co\/fr\/politique-cookies\/","url":"https:\/\/buyco.co\/fr\/politique-cookies\/","name":"Politique Cookies - Buyco","isPartOf":{"@id":"https:\/\/buyco.co\/fr\/#website"},"datePublished":"2023-06-13T14:12:29+00:00","dateModified":"2025-03-13T17:58:24+00:00","description":"Nous accordons une grande importance \u00e0 la confidentialit\u00e9 de vos donn\u00e9es qui repr\u00e9sente pour nous un gage de s\u00e9rieux et de confiance","breadcrumb":{"@id":"https:\/\/buyco.co\/fr\/politique-cookies\/#breadcrumb"},"inLanguage":"fr-FR","potentialAction":[{"@type":"ReadAction","target":["https:\/\/buyco.co\/fr\/politique-cookies\/"]}]},{"@type":"BreadcrumbList","@id":"https:\/\/buyco.co\/fr\/politique-cookies\/#breadcrumb","itemListElement":[{"@type":"ListItem","position":1,"name":"Homepage","item":"https:\/\/buyco.co\/fr\/home-page\/"},{"@type":"ListItem","position":2,"name":"Politique Cookies"}]},{"@type":"WebSite","@id":"https:\/\/buyco.co\/fr\/#website","url":"https:\/\/buyco.co\/fr\/","name":"Buyco","description":"The Collaborative Platform for your Container Shipping","publisher":{"@id":"https:\/\/buyco.co\/fr\/#organization"},"potentialAction":[{"@type":"SearchAction","target":{"@type":"EntryPoint","urlTemplate":"https:\/\/buyco.co\/fr\/?s={search_term_string}"},"query-input":{"@type":"PropertyValueSpecification","valueRequired":true,"valueName":"search_term_string"}}],"inLanguage":"fr-FR"},{"@type":"Organization","@id":"https:\/\/buyco.co\/fr\/#organization","name":"Buyco","url":"https:\/\/buyco.co\/fr\/","logo":{"@type":"ImageObject","inLanguage":"fr-FR","@id":"https:\/\/buyco.co\/fr\/#\/schema\/logo\/image\/","url":"https:\/\/buyco.co\/wp-content\/uploads\/2019\/01\/buyco-logo-miniature.png","contentUrl":"https:\/\/buyco.co\/wp-content\/uploads\/2019\/01\/buyco-logo-miniature.png","width":314,"height":315,"caption":"Buyco"},"image":{"@id":"https:\/\/buyco.co\/fr\/#\/schema\/logo\/image\/"}}]}},"_links":{"self":[{"href":"https:\/\/buyco.co\/fr\/wp-json\/wp\/v2\/pages\/244856","targetHints":{"allow":["GET"]}}],"collection":[{"href":"https:\/\/buyco.co\/fr\/wp-json\/wp\/v2\/pages"}],"about":[{"href":"https:\/\/buyco.co\/fr\/wp-json\/wp\/v2\/types\/page"}],"author":[{"embeddable":true,"href":"https:\/\/buyco.co\/fr\/wp-json\/wp\/v2\/users\/1375"}],"replies":[{"embeddable":true,"href":"https:\/\/buyco.co\/fr\/wp-json\/wp\/v2\/comments?post=244856"}],"version-history":[{"count":2,"href":"https:\/\/buyco.co\/fr\/wp-json\/wp\/v2\/pages\/244856\/revisions"}],"predecessor-version":[{"id":256122,"href":"https:\/\/buyco.co\/fr\/wp-json\/wp\/v2\/pages\/244856\/revisions\/256122"}],"wp:attachment":[{"href":"https:\/\/buyco.co\/fr\/wp-json\/wp\/v2\/media?parent=244856"}],"curies":[{"name":"wp","href":"https:\/\/api.w.org\/{rel}","templated":true}]}}