{"id":5832,"date":"2019-02-27T17:08:15","date_gmt":"2019-02-27T16:08:15","guid":{"rendered":"https:\/\/buyco.co\/mentions-legales\/"},"modified":"2025-03-13T18:57:08","modified_gmt":"2025-03-13T17:57:08","slug":"mentions-legales","status":"publish","type":"page","link":"https:\/\/buyco.co\/fr\/mentions-legales\/","title":{"rendered":"Mentions l\u00e9gales"},"content":{"rendered":"<p>[et_pb_section fb_built=\u00a0\u00bb1&Prime; disabled_on=\u00a0\u00bboff|off|off\u00a0\u00bb admin_label=\u00a0\u00bbsection\u00a0\u00bb _builder_version=\u00a0\u00bb4.16&Prime; custom_padding=\u00a0\u00bb81px|0px|167px|0px|false|false\u00a0\u00bb da_disable_devices=\u00a0\u00bboff|off|off\u00a0\u00bb locked=\u00a0\u00bboff\u00a0\u00bb global_colors_info=\u00a0\u00bb{}\u00a0\u00bb da_is_popup=\u00a0\u00bboff\u00a0\u00bb da_exit_intent=\u00a0\u00bboff\u00a0\u00bb da_has_close=\u00a0\u00bbon\u00a0\u00bb da_alt_close=\u00a0\u00bboff\u00a0\u00bb da_dark_close=\u00a0\u00bboff\u00a0\u00bb da_not_modal=\u00a0\u00bbon\u00a0\u00bb da_is_singular=\u00a0\u00bboff\u00a0\u00bb da_with_loader=\u00a0\u00bboff\u00a0\u00bb da_has_shadow=\u00a0\u00bbon\u00a0\u00bb][et_pb_row custom_padding_last_edited=\u00a0\u00bbon|tablet\u00a0\u00bb _builder_version=\u00a0\u00bb4.16&Prime; background_color=\u00a0\u00bb#FFFFFF\u00a0\u00bb width_tablet=\u00a0\u00bb\u00a0\u00bb width_phone=\u00a0\u00bb100%\u00a0\u00bb width_last_edited=\u00a0\u00bbon|phone\u00a0\u00bb custom_padding=\u00a0\u00bb150px|0px|0|0px|false|false\u00a0\u00bb custom_padding_tablet=\u00a0\u00bb90px||||false|false\u00a0\u00bb custom_padding_phone=\u00a0\u00bb50px||||false|false\u00a0\u00bb global_colors_info=\u00a0\u00bb{}\u00a0\u00bb][et_pb_column type=\u00a0\u00bb4_4&Prime; _builder_version=\u00a0\u00bb4.16&Prime; custom_padding=\u00a0\u00bb|||\u00a0\u00bb global_colors_info=\u00a0\u00bb{}\u00a0\u00bb custom_padding__hover=\u00a0\u00bb|||\u00a0\u00bb][et_pb_text _builder_version=\u00a0\u00bb4.17.4&Prime; text_font=\u00a0\u00bb|300|||||||\u00a0\u00bb header_text_color=\u00a0\u00bb#002C67&Prime; max_width=\u00a0\u00bb70%\u00a0\u00bb max_width_tablet=\u00a0\u00bb80%\u00a0\u00bb max_width_phone=\u00a0\u00bb\u00a0\u00bb max_width_last_edited=\u00a0\u00bbon|tablet\u00a0\u00bb module_alignment=\u00a0\u00bbcenter\u00a0\u00bb custom_margin=\u00a0\u00bb||0px||false|false\u00a0\u00bb custom_padding=\u00a0\u00bb||0px||false|false\u00a0\u00bb global_colors_info=\u00a0\u00bb{}\u00a0\u00bb]<\/p>\n<h1>Mentions L\u00e9gales<\/h1>\n<p><span title=\"\"><\/span><\/p>\n<p><span title=\"\"><span style=\"font-weight: 400;\">Conform\u00e9ment aux dispositions des Articles 6-III et 19 de la Loi n\u00b02004-575 du 21 juin 2004 pour la Confiance dans l\u2019\u00e9conomie num\u00e9rique, dite L.C.E.N., il est port\u00e9 \u00e0 la connaissance des utilisateurs du site www.buyco.co les pr\u00e9sentes mentions l\u00e9gales.<\/span><a href=\"http:\/\/www.buyco.co\"><span style=\"font-weight: 400;\">www.buyco.co<\/span><\/a><span style=\"font-weight: 400;\"> website users are informed of the present legal notices.<\/span><\/span><\/p>\n<p>&nbsp;<\/p>\n<p><span title=\"\"><span style=\"font-weight: 400;\">Le site <strong>BuyCo<\/strong> est accessible \u00e0 l\u2019adresse suivante: <a href=\"http:\/\/www.buyco.co\"><span>www.buyco.co<\/span><\/a>. L\u2019acc\u00e8s et l\u2019utilisation du site sont soumis aux pr\u00e9sentes Mentions L\u00e9gales d\u00e9taill\u00e9es ci-apr\u00e8s ainsi qu\u2019aux lois et\/ou r\u00e8glement applicable.<\/span><\/span><\/p>\n<p>&nbsp;<\/p>\n<p><span title=\"\"><span style=\"font-weight: 400;\">La connexion, l\u2019utilisation et l\u2019acc\u00e8s \u00e0 ce site impliquent l\u2019acceptation int\u00e9grale et sans r\u00e9serve de l\u2019internaute de toutes les dispositions des pr\u00e9sentes Mentions L\u00e9gales.<\/span><\/span><\/p>\n<p>&nbsp;<\/p>\n<p><span title=\"\"><span style=\"font-weight: 400;\">Nous nous r\u00e9servons le droit de modifier \u00e0 tout moment la pr\u00e9sente page. Nous vous invitons par cons\u00e9quent \u00e0 la consulter r\u00e9guli\u00e8rement afin de vous informer de ses \u00e9volutions. Derni\u00e8re date de mise \u00e0 jour : 22\/02\/2019<\/span><\/span><\/p>\n<p>[\/et_pb_text][\/et_pb_column][\/et_pb_row][et_pb_row _builder_version=\u00a0\u00bb4.16&Prime; background_color=\u00a0\u00bb#FFFFFF\u00a0\u00bb width_tablet=\u00a0\u00bb\u00a0\u00bb width_phone=\u00a0\u00bb100%\u00a0\u00bb width_last_edited=\u00a0\u00bbon|phone\u00a0\u00bb custom_padding=\u00a0\u00bb100px|0px|0|0px|false|false\u00a0\u00bb global_colors_info=\u00a0\u00bb{}\u00a0\u00bb][et_pb_column type=\u00a0\u00bb4_4&Prime; _builder_version=\u00a0\u00bb4.16&Prime; custom_padding=\u00a0\u00bb|||\u00a0\u00bb global_colors_info=\u00a0\u00bb{}\u00a0\u00bb custom_padding__hover=\u00a0\u00bb|||\u00a0\u00bb][et_pb_text _builder_version=\u00a0\u00bb4.17.4&Prime; text_font=\u00a0\u00bb|300|||||||\u00a0\u00bb header_font=\u00a0\u00bb||||||||\u00a0\u00bb header_2_font=\u00a0\u00bb||||||||\u00a0\u00bb header_2_text_color=\u00a0\u00bb#29b6f6&Prime; header_2_font_size=\u00a0\u00bb32px\u00a0\u00bb max_width=\u00a0\u00bb70%\u00a0\u00bb max_width_tablet=\u00a0\u00bb80%\u00a0\u00bb max_width_phone=\u00a0\u00bb\u00a0\u00bb max_width_last_edited=\u00a0\u00bbon|tablet\u00a0\u00bb module_alignment=\u00a0\u00bbcenter\u00a0\u00bb global_colors_info=\u00a0\u00bb{}\u00a0\u00bb]<\/p>\n<h2>1. Mentions L\u00e9gales<\/h2>\n<p>&nbsp;<\/p>\n<p><span style=\"font-weight: 400;\">En vertu de l\u2019Article 6 de la Loi n\u00b02004-575 du 21 juin 2004 pour la confiance dans l\u2019\u00e9conomie num\u00e9rique, il est pr\u00e9cis\u00e9 dans cet article l\u2019identit\u00e9 des diff\u00e9rents intervenants dans le cadre de sa r\u00e9alisation et de son suivi.<\/span><\/p>\n<p>[\/et_pb_text][et_pb_text _builder_version=\u00a0\u00bb4.17.4&Prime; text_font=\u00a0\u00bb|300|||||||\u00a0\u00bb header_font=\u00a0\u00bb||||||||\u00a0\u00bb header_3_font=\u00a0\u00bbMontserrat|700|||||||\u00a0\u00bb max_width=\u00a0\u00bb70%\u00a0\u00bb max_width_tablet=\u00a0\u00bb80%\u00a0\u00bb max_width_phone=\u00a0\u00bb\u00a0\u00bb max_width_last_edited=\u00a0\u00bbon|tablet\u00a0\u00bb module_alignment=\u00a0\u00bbcenter\u00a0\u00bb custom_margin=\u00a0\u00bb||70px\u00a0\u00bb global_colors_info=\u00a0\u00bb{}\u00a0\u00bb]<\/p>\n<h3><strong>A. Propri\u00e9taire du site<\/strong><\/h3>\n<p><span style=\"font-weight: 400;\"><\/span><\/p>\n<p><span style=\"font-weight: 400;\">Le propri\u00e9taire du site est BuyCo,<\/span><\/p>\n<p><span style=\"font-weight: 400;\">37 Boulevard Paul Peytral, 13006 Marseille, FRANCE<\/span><\/p>\n<p><span style=\"font-weight: 400;\"><a href=\"mailto:info@buyco.co\">info@buyco.co<\/a><\/span><\/p>\n<p><span style=\"font-weight: 400;\">+ 33 4 91 37 00 96<\/span><\/p>\n<p><span style=\"font-weight: 400;\">SIRET no.: <span>811 684 190 00028<\/span><\/span>[\/et_pb_text][et_pb_text _builder_version=\u00a0\u00bb4.17.4&Prime; text_font=\u00a0\u00bb|300|||||||\u00a0\u00bb header_font=\u00a0\u00bb||||||||\u00a0\u00bb header_3_font=\u00a0\u00bbMontserrat|700|||||||\u00a0\u00bb max_width=\u00a0\u00bb70%\u00a0\u00bb max_width_tablet=\u00a0\u00bb80%\u00a0\u00bb max_width_phone=\u00a0\u00bb\u00a0\u00bb max_width_last_edited=\u00a0\u00bbon|tablet\u00a0\u00bb module_alignment=\u00a0\u00bbcenter\u00a0\u00bb custom_margin=\u00a0\u00bb||70px\u00a0\u00bb global_colors_info=\u00a0\u00bb{}\u00a0\u00bb]<\/p>\n<h3><b>B. \u00c9diteur du site<\/b><\/h3>\n<p><span style=\"font-weight: 400;\"><\/span><\/p>\n<p><span style=\"font-weight: 400;\">Le site <a href=\"https:\/\/buyco.co\">www.buyco.co<\/a> est \u00e9dit\u00e9 par <strong>BuyCo SA<\/strong>,<\/span><\/p>\n<p><span style=\"font-weight: 400;\">37 Boulevard Peytral, 13006 Marseille, FRANCE<\/span><\/p>\n<p><a href=\"mailto:info@buyco.co\"><span style=\"font-weight: 400;\">info@buyco.co <\/span><\/a><\/p>\n<p><span style=\"font-weight: 400;\">SIRET no.: <span>811 684 190 00028<\/span><\/span>[\/et_pb_text][et_pb_text _builder_version=\u00a0\u00bb4.17.4&Prime; text_font=\u00a0\u00bb|300|||||||\u00a0\u00bb header_font=\u00a0\u00bb||||||||\u00a0\u00bb header_3_font=\u00a0\u00bbMontserrat|700|||||||\u00a0\u00bb max_width=\u00a0\u00bb70%\u00a0\u00bb max_width_tablet=\u00a0\u00bb80%\u00a0\u00bb max_width_phone=\u00a0\u00bb\u00a0\u00bb max_width_last_edited=\u00a0\u00bbon|tablet\u00a0\u00bb module_alignment=\u00a0\u00bbcenter\u00a0\u00bb custom_margin=\u00a0\u00bb||70px\u00a0\u00bb global_colors_info=\u00a0\u00bb{}\u00a0\u00bb]<\/p>\n<h3><b>C. Directeur de la publication<\/b><\/h3>\n<p><span style=\"font-weight: 400;\"><\/span><\/p>\n<p><span style=\"font-weight: 400;\">Le Directeur de la publication est <\/span><b>Geoffroy Willaume<\/b><\/p>\n<p><a href=\"mailto:admin@buyco.co\"><span style=\"font-weight: 400;\">admin@buyco.co<\/span><\/a>[\/et_pb_text][et_pb_text _builder_version=\u00a0\u00bb4.17.4&Prime; text_font=\u00a0\u00bb|300|||||||\u00a0\u00bb header_font=\u00a0\u00bb||||||||\u00a0\u00bb header_3_font=\u00a0\u00bbMontserrat|700|||||||\u00a0\u00bb max_width=\u00a0\u00bb70%\u00a0\u00bb max_width_tablet=\u00a0\u00bb80%\u00a0\u00bb max_width_phone=\u00a0\u00bb\u00a0\u00bb max_width_last_edited=\u00a0\u00bbon|tablet\u00a0\u00bb module_alignment=\u00a0\u00bbcenter\u00a0\u00bb custom_margin=\u00a0\u00bb||70px\u00a0\u00bb global_colors_info=\u00a0\u00bb{}\u00a0\u00bb]<\/p>\n<h3><b>D. R\u00e9alisation<\/b><\/h3>\n<p><span style=\"font-weight: 400;\"><\/span><\/p>\n<p><span style=\"font-weight: 400;\">Ce site a \u00e9t\u00e9 r\u00e9alis\u00e9 par\u00a0<\/span><\/p>\n<p><strong><a href=\"https:\/\/studio3615.com\">Studio_3615<\/a>,<\/strong><br \/>\n<span>132, rue d\u2019Aubagne,\u00a0<\/span><span>13006 Marseille<\/span><\/p>\n<p><span><\/span><a href=\"mailto:contact@studio3615.fr\"><span>contact@studio3615.com<\/span><\/a>[\/et_pb_text][et_pb_text _builder_version=\u00a0\u00bb4.17.4&Prime; text_font=\u00a0\u00bb|300|||||||\u00a0\u00bb header_font=\u00a0\u00bb||||||||\u00a0\u00bb header_3_font=\u00a0\u00bbMontserrat|700|||||||\u00a0\u00bb max_width=\u00a0\u00bb70%\u00a0\u00bb max_width_tablet=\u00a0\u00bb80%\u00a0\u00bb max_width_phone=\u00a0\u00bb\u00a0\u00bb max_width_last_edited=\u00a0\u00bbon|tablet\u00a0\u00bb module_alignment=\u00a0\u00bbcenter\u00a0\u00bb custom_margin=\u00a0\u00bb||70px\u00a0\u00bb global_colors_info=\u00a0\u00bb{}\u00a0\u00bb]<\/p>\n<h3><b>E. H\u00e9bergeur<\/b><\/h3>\n<p><span style=\"font-weight: 400;\"><br \/>Le site www.buyco.co est h\u00e9berg\u00e9 par la soci\u00e9t\u00e9 <strong>OVH<\/strong> :<\/span><\/p>\n<p><span style=\"font-weight: 400;\">OVH SA<\/span><\/p>\n<p><span style=\"font-weight: 400;\">2 rue Kellermann<\/span><span style=\"font-weight: 400;\">BP 80157<\/span><span style=\"font-weight: 400;\">59053 ROUBAIX CEDEX 1<\/span><\/p>\n<p><a href=\"https:\/\/ovh.com\"><span style=\"font-weight: 400;\">ovh.com<\/span><\/a><\/p>\n<p>[\/et_pb_text][et_pb_text _builder_version=\u00a0\u00bb4.17.4&Prime; text_font=\u00a0\u00bb|300|||||||\u00a0\u00bb header_font=\u00a0\u00bb||||||||\u00a0\u00bb header_3_font=\u00a0\u00bbMontserrat|700|||||||\u00a0\u00bb max_width=\u00a0\u00bb70%\u00a0\u00bb max_width_tablet=\u00a0\u00bb80%\u00a0\u00bb max_width_phone=\u00a0\u00bb\u00a0\u00bb max_width_last_edited=\u00a0\u00bbon|tablet\u00a0\u00bb module_alignment=\u00a0\u00bbcenter\u00a0\u00bb custom_margin=\u00a0\u00bb||70px\u00a0\u00bb global_colors_info=\u00a0\u00bb{}\u00a0\u00bb]<\/p>\n<h3><b>F. Utilisateur<\/b><\/h3>\n<p><span style=\"font-weight: 400;\"><br \/>Sont consid\u00e9r\u00e9s comme utilisateurs tous les internautes qui naviguent, lisent, visionnent et utilisent le site <strong>BuyCo<\/strong>.<\/span><\/p>\n<p>[\/et_pb_text][et_pb_text _builder_version=\u00a0\u00bb4.17.4&Prime; text_font=\u00a0\u00bb|300|||||||\u00a0\u00bb header_font=\u00a0\u00bb||||||||\u00a0\u00bb header_3_font=\u00a0\u00bbMontserrat|700|||||||\u00a0\u00bb max_width=\u00a0\u00bb70%\u00a0\u00bb max_width_tablet=\u00a0\u00bb80%\u00a0\u00bb max_width_phone=\u00a0\u00bb\u00a0\u00bb max_width_last_edited=\u00a0\u00bbon|tablet\u00a0\u00bb module_alignment=\u00a0\u00bbcenter\u00a0\u00bb custom_margin=\u00a0\u00bb||0px||false|false\u00a0\u00bb global_colors_info=\u00a0\u00bb{}\u00a0\u00bb]<\/p>\n<h3><b>G. Droits d\u2019auteurs et Copyright <\/b><\/h3>\n<p><span style=\"font-weight: 400;\"><br \/>Tous les droits de reproduction sont r\u00e9serv\u00e9s, y compris pour les documents t\u00e9l\u00e9chargeables et les repr\u00e9sentations photographiques.<\/span><\/p>\n<p><span style=\"font-weight: 400;\">La reproduction de tout ou partie de ce site, sur quelque support que ce soit, est formellement interdite sauf autorisation expresse du responsable de la publication.<\/span><\/p>\n<p><span style=\"font-weight: 400;\">Les documents ne peuvent faire l\u2019objet de copies qu\u2019\u00e0 titre d\u2019information, la copie \u00e9tant r\u00e9serv\u00e9e au seul usage priv\u00e9.<\/span><\/p>\n<p><span style=\"font-weight: 400;\">La violation de l\u2019un des droits d\u2019auteur, \u00e0 savoir toute reproduction, repr\u00e9sentation, diffusion ou rediffusion, en tout ou partie, du contenu de ce site sur quelque support ou par tout proc\u00e9d\u00e9 que ce soit (notamment par voie de caching, framing) de m\u00eame que toute vente, revente, retransmission ou mise \u00e0 disposition de tiers de quelque mani\u00e8re que ce soit, est interdite et constituent une contrefa\u00e7on susceptible d\u2019engager la responsabilit\u00e9 civile et p\u00e9nale du contrefacteur. <\/span><\/p>\n<p><span style=\"font-weight: 400;\">Les marques cit\u00e9es sur ce site sont d\u00e9pos\u00e9es par BuyCo qui en est propri\u00e9taire. Toute reproduction totale ou partielle des marques et\/ou logos est interdite sans l\u2019accord pr\u00e9alable de cette derni\u00e8re, conform\u00e9ment aux articles L. 713-2 et L 713-3 du Code de la Propri\u00e9t\u00e9 Intellectuelle.<\/span><\/p>\n<p><span style=\"font-weight: 400;\">Il en est de m\u00eame des bases de donn\u00e9es figurant au sein du site dont le contenu est prot\u00e9g\u00e9, notamment par les dispositions de la loi du 1er juillet 1998 relative \u00e0 la protection juridique des bases de donn\u00e9es.<\/span><\/p>\n<p>[\/et_pb_text][\/et_pb_column][\/et_pb_row][et_pb_row _builder_version=\u00a0\u00bb4.16&Prime; background_color=\u00a0\u00bb#FFFFFF\u00a0\u00bb width_tablet=\u00a0\u00bb\u00a0\u00bb width_phone=\u00a0\u00bb100%\u00a0\u00bb width_last_edited=\u00a0\u00bbon|phone\u00a0\u00bb custom_padding=\u00a0\u00bb100px|0px|0|0px|false|false\u00a0\u00bb global_colors_info=\u00a0\u00bb{}\u00a0\u00bb][et_pb_column type=\u00a0\u00bb4_4&Prime; _builder_version=\u00a0\u00bb4.16&Prime; custom_padding=\u00a0\u00bb|||\u00a0\u00bb global_colors_info=\u00a0\u00bb{}\u00a0\u00bb custom_padding__hover=\u00a0\u00bb|||\u00a0\u00bb][et_pb_text _builder_version=\u00a0\u00bb4.17.4&Prime; text_font=\u00a0\u00bb|300|||||||\u00a0\u00bb header_font=\u00a0\u00bb||||||||\u00a0\u00bb header_2_font=\u00a0\u00bb||||||||\u00a0\u00bb header_2_text_color=\u00a0\u00bb#29b6f6&Prime; header_2_font_size=\u00a0\u00bb32px\u00a0\u00bb max_width=\u00a0\u00bb70%\u00a0\u00bb max_width_tablet=\u00a0\u00bb80%\u00a0\u00bb max_width_phone=\u00a0\u00bb\u00a0\u00bb max_width_last_edited=\u00a0\u00bbon|tablet\u00a0\u00bb module_alignment=\u00a0\u00bbcenter\u00a0\u00bb global_colors_info=\u00a0\u00bb{}\u00a0\u00bb]<\/p>\n<h2><span class=\"tlid-translation translation\"><span title=\"\" class=\"\">2. Loi applicable et juridiction<\/span><\/span><\/h2>\n<p>&nbsp;<\/p>\n<p><span style=\"font-weight: 400;\">Les pr\u00e9sentes Mentions L\u00e9gales sont r\u00e9gies par la loi fran\u00e7aise. En cas de diff\u00e9rend et \u00e0 d\u00e9faut d\u2019accord amiable, le litige sera port\u00e9 devant les tribunaux fran\u00e7ais conform\u00e9ment aux r\u00e8gles de comp\u00e9tence en vigueur.<\/span><\/p>\n<p>[\/et_pb_text][\/et_pb_column][\/et_pb_row][et_pb_row _builder_version=\u00a0\u00bb4.16&Prime; background_color=\u00a0\u00bb#FFFFFF\u00a0\u00bb width_tablet=\u00a0\u00bb\u00a0\u00bb width_phone=\u00a0\u00bb100%\u00a0\u00bb width_last_edited=\u00a0\u00bbon|phone\u00a0\u00bb custom_padding=\u00a0\u00bb100px|0px|150px|0px|false|false\u00a0\u00bb global_colors_info=\u00a0\u00bb{}\u00a0\u00bb][et_pb_column type=\u00a0\u00bb4_4&Prime; _builder_version=\u00a0\u00bb4.16&Prime; custom_padding=\u00a0\u00bb|||\u00a0\u00bb global_colors_info=\u00a0\u00bb{}\u00a0\u00bb custom_padding__hover=\u00a0\u00bb|||\u00a0\u00bb][et_pb_text _builder_version=\u00a0\u00bb4.17.4&Prime; text_font=\u00a0\u00bb|300|||||||\u00a0\u00bb header_font=\u00a0\u00bb||||||||\u00a0\u00bb header_2_font=\u00a0\u00bb||||||||\u00a0\u00bb header_2_text_color=\u00a0\u00bb#29b6f6&Prime; header_2_font_size=\u00a0\u00bb32px\u00a0\u00bb max_width=\u00a0\u00bb70%\u00a0\u00bb max_width_tablet=\u00a0\u00bb80%\u00a0\u00bb max_width_phone=\u00a0\u00bb\u00a0\u00bb max_width_last_edited=\u00a0\u00bbon|tablet\u00a0\u00bb module_alignment=\u00a0\u00bbcenter\u00a0\u00bb global_colors_info=\u00a0\u00bb{}\u00a0\u00bb]<\/p>\n<h2><span class=\"tlid-translation translation\"><span title=\"\" class=\"\">3. Contact<\/span><\/span><\/h2>\n<p><span style=\"font-weight: 400;\"><\/span><\/p>\n<p><span style=\"font-weight: 400;\">Pour tout signalement de contenus ou d\u2019activit\u00e9s illicites, l\u2019Utilisateur peut contacter l\u2019\u00c9diteur \u00e0 l\u2019adresse suivante: <a href=\"mailto:info@buyco.co\">info@buyco.co<\/a> ou <a href=\"mailto:admin@buyco.co\">admin@buyco.co<\/a>, ou par courrier recommand\u00e9 avec accus\u00e9 de r\u00e9ception adress\u00e9 \u00e0 l\u2019\u00c9diteur aux coordonn\u00e9es pr\u00e9cis\u00e9es dans les pr\u00e9sentes Mentions L\u00e9gales.<\/span><\/p>\n<p><b>BuyCo <\/b><span style=\"font-weight: 400;\">vous souhaite une excellente navigation !<\/span><\/p>\n<p>[\/et_pb_text][\/et_pb_column][\/et_pb_row][\/et_pb_section]<\/p>\n","protected":false},"excerpt":{"rendered":"<p>Mentions L\u00e9gales Conform\u00e9ment aux dispositions des Articles 6-III et 19 de la Loi n\u00b02004-575 du 21 juin 2004 pour la Confiance dans l\u2019\u00e9conomie num\u00e9rique, dite L.C.E.N., il est port\u00e9 \u00e0 la connaissance des utilisateurs du site www.buyco.co les pr\u00e9sentes mentions l\u00e9gales.www.buyco.co website users are informed of the present legal notices. &nbsp; Le site BuyCo est [&hellip;]<\/p>\n","protected":false},"author":1378,"featured_media":0,"parent":0,"menu_order":0,"comment_status":"closed","ping_status":"closed","template":"","meta":{"_acf_changed":false,"_et_pb_use_builder":"on","_et_pb_old_content":"","_et_gb_content_width":"","inline_featured_image":false,"footnotes":""},"class_list":["post-5832","page","type-page","status-publish","hentry"],"acf":[],"yoast_head":"<!-- This site is optimized with the Yoast SEO Premium plugin v27.2 (Yoast SEO v27.2) - https:\/\/yoast.com\/product\/yoast-seo-premium-wordpress\/ -->\n<title>Mentions l\u00e9gales - Buyco<\/title>\n<meta name=\"description\" content=\"L\u2019acc\u00e8s et l\u2019utilisation du site sont soumis aux pr\u00e9sentes Mentions L\u00e9gales d\u00e9taill\u00e9es ci-apr\u00e8s ainsi qu\u2019aux lois et\/ou r\u00e8glement applicable\" \/>\n<meta name=\"robots\" content=\"noindex, nofollow\" \/>\n<meta property=\"og:locale\" content=\"fr_FR\" \/>\n<meta property=\"og:type\" content=\"article\" \/>\n<meta property=\"og:title\" content=\"Mentions l\u00e9gales\" \/>\n<meta property=\"og:description\" content=\"L\u2019acc\u00e8s et l\u2019utilisation du site sont soumis aux pr\u00e9sentes Mentions L\u00e9gales d\u00e9taill\u00e9es ci-apr\u00e8s ainsi qu\u2019aux lois et\/ou r\u00e8glement applicable\" \/>\n<meta property=\"og:url\" content=\"https:\/\/buyco.co\/fr\/mentions-legales\/\" \/>\n<meta property=\"og:site_name\" content=\"Buyco\" \/>\n<meta property=\"article:modified_time\" content=\"2025-03-13T17:57:08+00:00\" \/>\n<meta name=\"twitter:card\" content=\"summary_large_image\" \/>\n<meta name=\"twitter:label1\" content=\"Dur\u00e9e de lecture estim\u00e9e\" \/>\n\t<meta name=\"twitter:data1\" content=\"3 minutes\" \/>\n<script type=\"application\/ld+json\" class=\"yoast-schema-graph\">{\"@context\":\"https:\/\/schema.org\",\"@graph\":[{\"@type\":\"WebPage\",\"@id\":\"https:\/\/buyco.co\/fr\/mentions-legales\/\",\"url\":\"https:\/\/buyco.co\/fr\/mentions-legales\/\",\"name\":\"Mentions l\u00e9gales - Buyco\",\"isPartOf\":{\"@id\":\"https:\/\/buyco.co\/fr\/#website\"},\"datePublished\":\"2019-02-27T16:08:15+00:00\",\"dateModified\":\"2025-03-13T17:57:08+00:00\",\"description\":\"L\u2019acc\u00e8s et l\u2019utilisation du site sont soumis aux pr\u00e9sentes Mentions L\u00e9gales d\u00e9taill\u00e9es ci-apr\u00e8s ainsi qu\u2019aux lois et\/ou r\u00e8glement applicable\",\"breadcrumb\":{\"@id\":\"https:\/\/buyco.co\/fr\/mentions-legales\/#breadcrumb\"},\"inLanguage\":\"fr-FR\",\"potentialAction\":[{\"@type\":\"ReadAction\",\"target\":[\"https:\/\/buyco.co\/fr\/mentions-legales\/\"]}]},{\"@type\":\"BreadcrumbList\",\"@id\":\"https:\/\/buyco.co\/fr\/mentions-legales\/#breadcrumb\",\"itemListElement\":[{\"@type\":\"ListItem\",\"position\":1,\"name\":\"Homepage\",\"item\":\"https:\/\/buyco.co\/fr\/home-page\/\"},{\"@type\":\"ListItem\",\"position\":2,\"name\":\"Mentions l\u00e9gales\"}]},{\"@type\":\"WebSite\",\"@id\":\"https:\/\/buyco.co\/fr\/#website\",\"url\":\"https:\/\/buyco.co\/fr\/\",\"name\":\"Buyco\",\"description\":\"The Collaborative Platform for your Container Shipping\",\"publisher\":{\"@id\":\"https:\/\/buyco.co\/fr\/#organization\"},\"potentialAction\":[{\"@type\":\"SearchAction\",\"target\":{\"@type\":\"EntryPoint\",\"urlTemplate\":\"https:\/\/buyco.co\/fr\/?s={search_term_string}\"},\"query-input\":{\"@type\":\"PropertyValueSpecification\",\"valueRequired\":true,\"valueName\":\"search_term_string\"}}],\"inLanguage\":\"fr-FR\"},{\"@type\":\"Organization\",\"@id\":\"https:\/\/buyco.co\/fr\/#organization\",\"name\":\"Buyco\",\"url\":\"https:\/\/buyco.co\/fr\/\",\"logo\":{\"@type\":\"ImageObject\",\"inLanguage\":\"fr-FR\",\"@id\":\"https:\/\/buyco.co\/fr\/#\/schema\/logo\/image\/\",\"url\":\"https:\/\/buyco.co\/wp-content\/uploads\/2019\/01\/buyco-logo-miniature.png\",\"contentUrl\":\"https:\/\/buyco.co\/wp-content\/uploads\/2019\/01\/buyco-logo-miniature.png\",\"width\":314,\"height\":315,\"caption\":\"Buyco\"},\"image\":{\"@id\":\"https:\/\/buyco.co\/fr\/#\/schema\/logo\/image\/\"}}]}<\/script>\n<!-- \/ Yoast SEO Premium plugin. -->","yoast_head_json":{"title":"Mentions l\u00e9gales - Buyco","description":"L\u2019acc\u00e8s et l\u2019utilisation du site sont soumis aux pr\u00e9sentes Mentions L\u00e9gales d\u00e9taill\u00e9es ci-apr\u00e8s ainsi qu\u2019aux lois et\/ou r\u00e8glement applicable","robots":{"index":"noindex","follow":"nofollow"},"og_locale":"fr_FR","og_type":"article","og_title":"Mentions l\u00e9gales","og_description":"L\u2019acc\u00e8s et l\u2019utilisation du site sont soumis aux pr\u00e9sentes Mentions L\u00e9gales d\u00e9taill\u00e9es ci-apr\u00e8s ainsi qu\u2019aux lois et\/ou r\u00e8glement applicable","og_url":"https:\/\/buyco.co\/fr\/mentions-legales\/","og_site_name":"Buyco","article_modified_time":"2025-03-13T17:57:08+00:00","twitter_card":"summary_large_image","twitter_misc":{"Dur\u00e9e de lecture estim\u00e9e":"3 minutes"},"schema":{"@context":"https:\/\/schema.org","@graph":[{"@type":"WebPage","@id":"https:\/\/buyco.co\/fr\/mentions-legales\/","url":"https:\/\/buyco.co\/fr\/mentions-legales\/","name":"Mentions l\u00e9gales - Buyco","isPartOf":{"@id":"https:\/\/buyco.co\/fr\/#website"},"datePublished":"2019-02-27T16:08:15+00:00","dateModified":"2025-03-13T17:57:08+00:00","description":"L\u2019acc\u00e8s et l\u2019utilisation du site sont soumis aux pr\u00e9sentes Mentions L\u00e9gales d\u00e9taill\u00e9es ci-apr\u00e8s ainsi qu\u2019aux lois et\/ou r\u00e8glement applicable","breadcrumb":{"@id":"https:\/\/buyco.co\/fr\/mentions-legales\/#breadcrumb"},"inLanguage":"fr-FR","potentialAction":[{"@type":"ReadAction","target":["https:\/\/buyco.co\/fr\/mentions-legales\/"]}]},{"@type":"BreadcrumbList","@id":"https:\/\/buyco.co\/fr\/mentions-legales\/#breadcrumb","itemListElement":[{"@type":"ListItem","position":1,"name":"Homepage","item":"https:\/\/buyco.co\/fr\/home-page\/"},{"@type":"ListItem","position":2,"name":"Mentions l\u00e9gales"}]},{"@type":"WebSite","@id":"https:\/\/buyco.co\/fr\/#website","url":"https:\/\/buyco.co\/fr\/","name":"Buyco","description":"The Collaborative Platform for your Container Shipping","publisher":{"@id":"https:\/\/buyco.co\/fr\/#organization"},"potentialAction":[{"@type":"SearchAction","target":{"@type":"EntryPoint","urlTemplate":"https:\/\/buyco.co\/fr\/?s={search_term_string}"},"query-input":{"@type":"PropertyValueSpecification","valueRequired":true,"valueName":"search_term_string"}}],"inLanguage":"fr-FR"},{"@type":"Organization","@id":"https:\/\/buyco.co\/fr\/#organization","name":"Buyco","url":"https:\/\/buyco.co\/fr\/","logo":{"@type":"ImageObject","inLanguage":"fr-FR","@id":"https:\/\/buyco.co\/fr\/#\/schema\/logo\/image\/","url":"https:\/\/buyco.co\/wp-content\/uploads\/2019\/01\/buyco-logo-miniature.png","contentUrl":"https:\/\/buyco.co\/wp-content\/uploads\/2019\/01\/buyco-logo-miniature.png","width":314,"height":315,"caption":"Buyco"},"image":{"@id":"https:\/\/buyco.co\/fr\/#\/schema\/logo\/image\/"}}]}},"_links":{"self":[{"href":"https:\/\/buyco.co\/fr\/wp-json\/wp\/v2\/pages\/5832","targetHints":{"allow":["GET"]}}],"collection":[{"href":"https:\/\/buyco.co\/fr\/wp-json\/wp\/v2\/pages"}],"about":[{"href":"https:\/\/buyco.co\/fr\/wp-json\/wp\/v2\/types\/page"}],"author":[{"embeddable":true,"href":"https:\/\/buyco.co\/fr\/wp-json\/wp\/v2\/users\/1378"}],"replies":[{"embeddable":true,"href":"https:\/\/buyco.co\/fr\/wp-json\/wp\/v2\/comments?post=5832"}],"version-history":[{"count":3,"href":"https:\/\/buyco.co\/fr\/wp-json\/wp\/v2\/pages\/5832\/revisions"}],"predecessor-version":[{"id":256120,"href":"https:\/\/buyco.co\/fr\/wp-json\/wp\/v2\/pages\/5832\/revisions\/256120"}],"wp:attachment":[{"href":"https:\/\/buyco.co\/fr\/wp-json\/wp\/v2\/media?parent=5832"}],"curies":[{"name":"wp","href":"https:\/\/api.w.org\/{rel}","templated":true}]}}